{"id":863,"date":"2025-09-09T10:56:26","date_gmt":"2025-09-09T10:56:26","guid":{"rendered":"https:\/\/martinmoncayo.com\/?page_id=863"},"modified":"2025-10-31T09:40:58","modified_gmt":"2025-10-31T09:40:58","slug":"inicio","status":"publish","type":"page","link":"https:\/\/martinmoncayo.com\/en\/","title":{"rendered":"Inicio"},"content":{"rendered":"<h4 style=\"\"><\/h4>\n<h1 style=\"color: rgb(27, 18, 77) !important; --tcb-applied-color: rgb(27, 18, 77) !important;\">Convierte tu Experiencia y tu mentalidad de alto rendimiento en un <span>sistema digital que trabaje por ti. <\/span><span>incluso con una audiencia peque\u00f1a.<\/span><\/h1>\n<p><span style=\"\"><img loading=\"lazy\" decoding=\"async\" alt=\"\" data-id=\"913\" width=\"960\" data-init-width=\"2560\" height=\"720\" data-init-height=\"1920\" title=\"IMG_9029\" src=\"https:\/\/martinmoncayo.com\/wp-content\/uploads\/2025\/09\/IMG_9029-scaled.png\" data-width=\"960\" data-height=\"720\" style=\"aspect-ratio: auto 2560 \/ 1920;\" mt-d=\"0\" ml-d=\"-312\" center-h-d=\"false\" ml-t=\"-247.09558100000004\" center-h-t=\"false\" mt-t=\"0\" ml-m=\"-85\" mt-m=\"0\" center-h-m=\"false\"><\/span><\/p>\n<h1 style=\"color: rgb(27, 18, 77) !important; --tcb-applied-color: rgb(27, 18, 77) !important;\"><strong>Descubre a tu cliente ideal en menos de 7 minutos<\/strong><\/h1>\n<h1 style=\"color: rgb(27, 18, 77) !important; --tcb-applied-color: rgb(27, 18, 77) !important;\">Usa el Avatar Profiler para Solopreneurs de Alto Rendimiento y recibe un perfil emocional y estrat\u00e9gico que te ayudar\u00e1 a enfocar tu contenido, tus ofertas y tu crecimiento online.<\/h1>\n<p><span><img loading=\"lazy\" decoding=\"async\" alt=\"\" data-id=\"955\" width=\"161\" data-init-width=\"500\" height=\"80\" data-init-height=\"250\" title=\"3\" src=\"https:\/\/martinmoncayo.com\/wp-content\/uploads\/2025\/09\/3.png\" data-width=\"161\" data-height=\"80\" style=\"aspect-ratio: auto 500 \/ 250;\"><\/span><span><img loading=\"lazy\" decoding=\"async\" alt=\"\" data-id=\"957\" width=\"161\" data-init-width=\"500\" height=\"80\" data-init-height=\"250\" title=\"5\" src=\"https:\/\/martinmoncayo.com\/wp-content\/uploads\/2025\/09\/5.png\" data-width=\"161\" data-height=\"80\" style=\"aspect-ratio: auto 500 \/ 250;\"><\/span><span><img loading=\"lazy\" decoding=\"async\" alt=\"\" data-id=\"954\" width=\"161\" data-init-width=\"500\" height=\"80\" data-init-height=\"250\" title=\"2\" src=\"https:\/\/martinmoncayo.com\/wp-content\/uploads\/2025\/09\/2.png\" data-width=\"161\" data-height=\"80\" style=\"aspect-ratio: auto 500 \/ 250;\"><\/span><span><img loading=\"lazy\" decoding=\"async\" alt=\"\" data-id=\"956\" width=\"161\" data-init-width=\"500\" height=\"80\" data-init-height=\"250\" title=\"4\" src=\"https:\/\/martinmoncayo.com\/wp-content\/uploads\/2025\/09\/4.png\" data-width=\"161\" data-height=\"80\" style=\"aspect-ratio: auto 500 \/ 250;\"><\/span><span><img loading=\"lazy\" decoding=\"async\" alt=\"\" data-id=\"953\" width=\"161\" data-init-width=\"500\" height=\"80\" data-init-height=\"250\" title=\"1\" src=\"https:\/\/martinmoncayo.com\/wp-content\/uploads\/2025\/09\/1.png\" data-width=\"161\" data-height=\"80\" style=\"aspect-ratio: auto 500 \/ 250;\"><\/span><\/p>\n<h4 style=\"\"><\/h4>\n<p><span><img loading=\"lazy\" decoding=\"async\" alt=\"\" data-id=\"880\" width=\"248\" data-init-width=\"1080\" height=\"248\" data-init-height=\"1080\" title=\"Martin Moncayo-2\" src=\"https:\/\/martinmoncayo.com\/wp-content\/uploads\/2025\/09\/Martin-Moncayo-2.png\" data-width=\"248\" data-height=\"248\" style=\"aspect-ratio: auto 1080 \/ 1080;\"><\/span><\/p>\n<h1 style=\"text-align: center;\"><span style=\"font-size: 25px !important;\">Hola, soy Mart\u00edn Moncayo. Ayudo a solopreneurs digitales a convertir su conocimiento y su mentalidad de alto rendimiento en un sistema que trabaje por ellos.<\/span><\/h1>\n<\/p>\n<p style=\"text-align: center; color: var(--tcb-color-3) !important; --tcb-applied-color: var$(--tcb-color-3) !important;\"><span style=\"font-size: 18px !important; --tcb-applied-color: var$(--tcb-color-3) !important;\">[ Una carta abierta para los que no quieren improvisar m\u00e1s. ]<\/span><\/p>\n<p style=\"text-align: center;\"><span style=\"font-size: 18px !important;\"><span>Ser solopreneur no es tener todas las respuestas.<\/span><\/span><\/p>\n<p style=\"text-align: center;\"><span style=\"font-size: 18px !important;\"><span>Es levantarse cada d\u00eda con el compromiso de construir algo propio.<\/span><\/span><\/p>\n<p style=\"text-align: center;\"><span style=\"font-size: 18px !important;\"><span>Con enfoque. Con estrategia. Con coraje.<\/span><\/span><\/p>\n<p style=\"text-align: center;\"><span style=\"font-size: 18px !important;\"><span>No se trata de trabajar m\u00e1s horas, sino de construir sistemas que nos devuelvan el tiempo.<\/span><\/span><\/p>\n<p style=\"text-align: center;\"><span style=\"font-size: 18px !important;\"><span>No de perseguir clientes todo el mes, sino de atraer las oportunidades adecuadas.Este camino no es f\u00e1cil, pero s\u00ed es nuestro.<\/span><\/span><\/p>\n<p style=\"text-align: center;\"><span style=\"font-size: 18px !important;\"><span>Nos une una meta simple:<\/span><\/span><\/p>\n<p style=\"text-align: center;\"><span style=\"\"><span style=\"\">Dise\u00f1ar un negocio digital que escale con claridad, sin perder libertad.Vender sin vender. Crear sin quemarnos.Y crecer\u2026 sin dejar de ser quienes somos.<\/span><\/span><\/p>\n<h2 style=\"\">3 Maneras De C\u00f3mo Puedo Ayudarte<\/h2>\n<p style=\"\">Empieza hoy mismo con uno de estos caminos&#8230;<\/p>\n<h6 style=\"color: rgb(27, 18, 77) !important; --tcb-applied-color: rgb(27, 18, 77) !important;\">Diagn\u00f3stico personalizado con IA<\/h6>\n<p style=\"color: rgb(27, 18, 77) !important; --tcb-applied-color: rgb(27, 18, 77) !important;\">Haz el Quiz y recibe un plan paso a paso adaptado a tu situaci\u00f3n actual como solopreneur. Tanto si quieres vender tus propios productos digitales, tus servicios o empezar como afiliado, te mostrar\u00e9 c\u00f3mo crear una base s\u00f3lida para crecer con claridad.<\/p>\n<h6 style=\"color: rgb(27, 18, 77) !important; --tcb-applied-color: rgb(27, 18, 77) !important;\">Trabaja conmigo 1 a 1<\/h6>\n<p style=\"\">\u00bfQuieres que dise\u00f1emos tu sistema de ventas online juntos?Te ayudo con p\u00e1ginas clave (landing, thank you, sales), automatizaci\u00f3n con emails y plan de tr\u00e1fico (org\u00e1nico o pagado).<\/p>\n<h6 style=\"color: rgb(27, 18, 77) !important; --tcb-applied-color: rgb(27, 18, 77) !important;\">Herramientas recomendadas y sistemas<\/h6>\n<p style=\"\">Descubre las herramientas que uso para crear sistemas digitales de venta. Aprende a usarlas para ahorrar tiempo, automatizar procesos y construir un negocio que trabaje por ti.<\/p>\n<h2 style=\"text-align: center;\">Solopreneur ACES Journal&nbsp;<\/h2>\n<p style=\"\">Cada semana comparto ideas sobre marketing, productividad y herramientas para crecer como solopreneur de alto rendimiento Accede a mis art\u00edculos, aprendizajes y recursos exclusivos. <a href=\"https:\/\/martinmoncayo.com\/blog\/\" target=\"_blank\" style=\"outline: currentcolor;\"><span style=\"font-size: 18px !important;\">Lee mis \u00faltimos art\u00edculos aqu\u00ed:<\/span><\/a><\/p>\n<p><a href=\"https:\/\/martinmoncayo.com\/cambio-de-enfoque-solopreneurs\/\" dynamic-postlink=\"tcb_post_the_permalink\" data-shortcode-id=\"1082\"><\/a><\/p>\n<p style=\"font-size: var(--tve-font-size, 13px);\"><span data-shortcode=\"tcb_post_published_date\" data-shortcode-name=\"Post date\" data-extra_key=\"\" data-attr-type=\"published\" data-attr-date-format-select=\"F j, Y\" data-attr-date-format=\"F j, Y\" data-attr-show-time=\"0\" data-attr-time-format-select=\"g:i a\" data-attr-time-format=\"\" data-attr-link=\"0\" data-attr-target=\"1\" data-attr-rel=\"0\" data-option-inline=\"1\">October 28, 2025 <\/span><\/p>\n<h2 style=\"\"><span data-shortcode=\"tcb_post_title\" data-shortcode-name=\"Post title\" data-extra_key=\"\" data-attr-link=\"1\" data-attr-target=\"0\" data-attr-rel=\"0\" data-option-inline=\"1\" data-attr-static-link=\"{&quot;className&quot;:&quot;&quot;,&quot;href&quot;:&quot;https:\/\/martinmoncayo.com\/cambio-de-enfoque-solopreneurs\/&quot;,&quot;title&quot;:&quot;Por qu\u00e9 la mayor\u00eda de solopreneurs fracasan sin un sistema (y c\u00f3mo un enfoque de atleta cambia el juego)&quot;,&quot;class&quot;:&quot;&quot;}\" data-attr-css=\"\"><a href=\"https:\/\/martinmoncayo.com\/cambio-de-enfoque-solopreneurs\/\" title=\"Por qu\u00e9 la mayor\u00eda de solopreneurs fracasan sin un sistema (y c\u00f3mo un enfoque de atleta cambia el juego)\" data-css=\"\">Por qu\u00e9 la mayor\u00eda de solopreneurs fracasan sin un sistema (y c\u00f3mo un enfoque de atleta cambia el juego)<\/a><\/span><\/h2>\n<p><a href=\"https:\/\/martinmoncayo.com\/cambio-de-enfoque-solopreneurs\/\"><span style=\"\">                    <\/span><span style=\"\"><span style=\"\">Leer m\u00e1s<\/span><\/span><\/a><a href=\"https:\/\/martinmoncayo.com\/distracciones-solopreneur\/\" dynamic-postlink=\"tcb_post_the_permalink\" data-shortcode-id=\"1082\"><\/a><\/p>\n<p style=\"font-size: var(--tve-font-size, 13px);\"><span data-shortcode=\"tcb_post_published_date\" data-shortcode-name=\"Post date\" data-extra_key=\"\" data-attr-type=\"published\" data-attr-date-format-select=\"F j, Y\" data-attr-date-format=\"F j, Y\" data-attr-show-time=\"0\" data-attr-time-format-select=\"g:i a\" data-attr-time-format=\"\" data-attr-link=\"0\" data-attr-target=\"1\" data-attr-rel=\"0\" data-option-inline=\"1\">September 21, 2025 <\/span><\/p>\n<h2 style=\"\"><span data-shortcode=\"tcb_post_title\" data-shortcode-name=\"Post title\" data-extra_key=\"\" data-attr-link=\"1\" data-attr-target=\"0\" data-attr-rel=\"0\" data-option-inline=\"1\" data-attr-static-link=\"{&quot;className&quot;:&quot;&quot;,&quot;href&quot;:&quot;https:\/\/martinmoncayo.com\/cambio-de-enfoque-solopreneurs\/&quot;,&quot;title&quot;:&quot;Por qu\u00e9 la mayor\u00eda de solopreneurs fracasan sin un sistema (y c\u00f3mo un enfoque de atleta cambia el juego)&quot;,&quot;class&quot;:&quot;&quot;}\" data-attr-css=\"\"><a href=\"https:\/\/martinmoncayo.com\/distracciones-solopreneur\/\" title=\"C\u00d3MO LAS DISTRACCIONES EST\u00c1N SABOTEANDO TU PROGRESO COMO SOLOPRENEUR (Y C\u00d3MO VENCERLAS)\" data-css=\"\">C\u00d3MO LAS DISTRACCIONES EST\u00c1N SABOTEANDO TU PROGRESO COMO SOLOPRENEUR (Y C\u00d3MO VENCERLAS)<\/a><\/span><\/h2>\n<p><a href=\"https:\/\/martinmoncayo.com\/distracciones-solopreneur\/\"><span style=\"\">                    <\/span><span style=\"\"><span style=\"\">Leer m\u00e1s<\/span><\/span><\/a><a href=\"https:\/\/martinmoncayo.com\/enfoque-largo-plazo-solopreneur\/\" dynamic-postlink=\"tcb_post_the_permalink\" data-shortcode-id=\"1082\"><\/a><\/p>\n<p style=\"font-size: var(--tve-font-size, 13px);\"><span data-shortcode=\"tcb_post_published_date\" data-shortcode-name=\"Post date\" data-extra_key=\"\" data-attr-type=\"published\" data-attr-date-format-select=\"F j, Y\" data-attr-date-format=\"F j, Y\" data-attr-show-time=\"0\" data-attr-time-format-select=\"g:i a\" data-attr-time-format=\"\" data-attr-link=\"0\" data-attr-target=\"1\" data-attr-rel=\"0\" data-option-inline=\"1\">September 21, 2025 <\/span><\/p>\n<h2 style=\"\"><span data-shortcode=\"tcb_post_title\" data-shortcode-name=\"Post title\" data-extra_key=\"\" data-attr-link=\"1\" data-attr-target=\"0\" data-attr-rel=\"0\" data-option-inline=\"1\" data-attr-static-link=\"{&quot;className&quot;:&quot;&quot;,&quot;href&quot;:&quot;https:\/\/martinmoncayo.com\/cambio-de-enfoque-solopreneurs\/&quot;,&quot;title&quot;:&quot;Por qu\u00e9 la mayor\u00eda de solopreneurs fracasan sin un sistema (y c\u00f3mo un enfoque de atleta cambia el juego)&quot;,&quot;class&quot;:&quot;&quot;}\" data-attr-css=\"\"><a href=\"https:\/\/martinmoncayo.com\/enfoque-largo-plazo-solopreneur\/\" title=\"NO NECESITAS RESULTADOS R\u00c1PIDOS. NECESITAS ENFOQUE A LARGO PLAZO\" data-css=\"\">NO NECESITAS RESULTADOS R\u00c1PIDOS. NECESITAS ENFOQUE A LARGO PLAZO<\/a><\/span><\/h2>\n<p><a href=\"https:\/\/martinmoncayo.com\/enfoque-largo-plazo-solopreneur\/\"><span style=\"\">                    <\/span><span style=\"\"><span style=\"\">Leer m\u00e1s<\/span><\/span><\/a><\/p>\n<h2 style=\"text-align: center;\">Suscr\u00edbete a mi canal de YouTube<\/h2>\n<p style=\"text-align: center;\"><em>J<span style=\"\">uego el partido largo.El de 5 sets.El que se gana con la mente\u2026 y con el coraz\u00f3n.Y ayudo a otros solopreneurs a ganar el suyo.<span style=\"\">Con estrategia probada, un plan de acci\u00f3n claro y herramientas no-code que lo apalancan todo.<\/span><\/span><\/em><\/p>\n<p style=\"text-align: center;\"><em><span style=\"\"><span style=\"\">Si resuena contigo lo que viste aqu\u00ed, suscr\u00edbete a la <strong><span style=\"\">newsletter<\/span><\/strong> o empieza con el<strong>&nbsp;<\/strong><strong><span style=\"\"><a href=\"https:\/\/martinmoncayo.com\/avatar-profiler\/\" target=\"_blank\" style=\"outline: currentcolor;\">Avatar Profiler.<\/a><\/span><\/strong>Es tu primer paso para crear un sistema que trabaje por ti.<\/span><span style=\"\">Mart\u00edn \u201cACES\u201d Moncayo<\/span><\/span><\/em><\/p>\n<p style=\"text-align: center;\"><span style=\"font-size: 15px !important;\"><span style=\"font-family: Montserrat;\">\u00a9 2025 Martin Moncayo All Rights Reserved. Design by<\/span><\/span><span><strong>&nbsp;<a href=\"https:\/\/ecommerceunderdog.com\/\" style=\"outline: currentcolor;\">Ecommerce Underdog<\/a><\/strong><\/span><\/p>\n","protected":false},"excerpt":{"rendered":"<p>Convierte tu Experiencia y tu mentalidad de alto rendimiento en un sistema digital que trabaje por ti. incluso con una audiencia peque\u00f1a. Descubre a tu cliente ideal en menos de 7 minutos Usa el Avatar Profiler para Solopreneurs de Alto Rendimiento y recibe un perfil emocional y estrat\u00e9gico que te ayudar\u00e1 a enfocar tu contenido, [&hellip;]<\/p>\n","protected":false},"author":1,"featured_media":0,"parent":0,"menu_order":0,"comment_status":"closed","ping_status":"closed","template":"","meta":{"_monsterinsights_skip_tracking":false,"_monsterinsights_sitenote_active":false,"_monsterinsights_sitenote_note":"","_monsterinsights_sitenote_category":0,"footnotes":""},"class_list":["post-863","page","type-page","status-publish","hentry","post-wrapper","thrv_wrapper"],"_links":{"self":[{"href":"https:\/\/martinmoncayo.com\/en\/wp-json\/wp\/v2\/pages\/863","targetHints":{"allow":["GET"]}}],"collection":[{"href":"https:\/\/martinmoncayo.com\/en\/wp-json\/wp\/v2\/pages"}],"about":[{"href":"https:\/\/martinmoncayo.com\/en\/wp-json\/wp\/v2\/types\/page"}],"author":[{"embeddable":true,"href":"https:\/\/martinmoncayo.com\/en\/wp-json\/wp\/v2\/users\/1"}],"replies":[{"embeddable":true,"href":"https:\/\/martinmoncayo.com\/en\/wp-json\/wp\/v2\/comments?post=863"}],"version-history":[{"count":69,"href":"https:\/\/martinmoncayo.com\/en\/wp-json\/wp\/v2\/pages\/863\/revisions"}],"predecessor-version":[{"id":1088,"href":"https:\/\/martinmoncayo.com\/en\/wp-json\/wp\/v2\/pages\/863\/revisions\/1088"}],"wp:attachment":[{"href":"https:\/\/martinmoncayo.com\/en\/wp-json\/wp\/v2\/media?parent=863"}],"curies":[{"name":"wp","href":"https:\/\/api.w.org\/{rel}","templated":true}]}}