{"id":752,"date":"2025-07-02T21:57:22","date_gmt":"2025-07-02T21:57:22","guid":{"rendered":"https:\/\/martinmoncayo.com\/?page_id=752"},"modified":"2025-10-12T13:53:40","modified_gmt":"2025-10-12T13:53:40","slug":"avatar-profiler","status":"publish","type":"page","link":"https:\/\/martinmoncayo.com\/en\/avatar-profiler\/","title":{"rendered":"Avatar Profiler for Solopreneurs"},"content":{"rendered":"<h2 style=\"text-align: center;\"><strong><em><span>\ud83c\udfaf<span><span><span>&nbsp;<\/span><\/span><\/span><\/span><\/em><\/strong><span><strong><span style=\"font-size: 55px !important;\">Discover Your Ideal Client in Under 7 Minutes<\/span><\/strong><\/span><\/h2>\n<h2 style=\"text-align: center;\"><span style=\"\">Con una herramienta gratuita hecha con Inteligencia Artificial para ayudarte a definir y atraer a tu cliente ideal.<\/span><\/h2>\n<p style=\"text-align: center;\">Sin pagos. Sin trucos. M\u00e1s claridad en 7 minutos.<\/p>\n<h2 style=\"text-align: center;\"><strong>\u00bfQu\u00e9 recibir\u00e1s?<\/strong><\/h2>\n<p style=\"text-align: center;\">Esta no es otra&nbsp;<em>\u201ccheat sheet\u00bb gen\u00e9rica.<\/em>&nbsp; Esta herramienta fue dise\u00f1ada para <strong>solopreneurs con mentalidad de atleta de alto rendimiento<\/strong>, personas que valoran el enfoque, la disciplina y la ejecuci\u00f3n.&nbsp;<\/p>\n<p style=\"\"><strong>En menos de 7 minutos obtendr\u00e1s:<\/strong><\/p>\n<ul>\n<li><span style=\"\">Un <strong>perfil emocional<\/strong> detallado de tu cliente ideal<\/span><\/li>\n<li><span style=\"\">Una<strong> frase corta que resume <\/strong>a tu cliente ideal para que puedas afilar tu mensaje<\/span><\/li>\n<li><span style=\"\">Una <strong>analog\u00eda poderosa para visualizar<\/strong> y recordar a tu avatar<\/span><\/li>\n<li><span style=\"\">Un <strong>plan de acci\u00f3n t\u00e1ctico<\/strong> para empezar a atraerlo hoy mismo<\/span><\/li>\n<\/ul>\n<p><span style=\"\"><img loading=\"lazy\" decoding=\"async\" alt=\"\" data-id=\"762\" width=\"494\" data-init-width=\"1536\" height=\"329\" data-init-height=\"1024\" title=\"avatar views\" src=\"https:\/\/martinmoncayo.com\/wp-content\/uploads\/2025\/07\/avatar-views.png\" data-width=\"494\" data-height=\"329\" style=\"aspect-ratio: auto 1536 \/ 1024;\" ml-t=\"-96\" mt-t=\"0\" ml-m=\"-97\" mt-m=\"0\" center-h-m=\"false\" center-h-t=\"false\"><\/span><\/p>\n<p style=\"text-align: center;\">Deja de adivinar a qui\u00e9n le hablas.<\/p>\n<p style=\"text-align: center;\">Usa el Avatar Profiler y obt\u00e9n total claridad sobre a <strong>qui\u00e9n atraer a tu negocio online, c\u00f3mo comunicarte con esa persona y d\u00f3nde encontrarla.<\/strong><\/p>\n<h2 style=\"text-align: center;\"><strong>Testimonios<\/strong><\/h2>\n<p style=\"font-size: var(--tve-font-size, 14px);\">\u275d<\/p>\n<p style=\"\">\u201cTen\u00eda la web, las alianzas y todo listo\u2026 pero no sab\u00eda a qui\u00e9n dirigirme. El Avatar Profiler me dio claridad total. Ahora s\u00e9 exactamente a qui\u00e9n atraer y c\u00f3mo hablarles.\u201d<\/p>\n<p>Sebasti\u00e1n<\/p>\n<p style=\"color: rgb(255, 255, 255) !important; --tcb-applied-color: rgb(255, 255, 255) !important;\">Fundador de automotors club seguros para veh\u00edculos digitales<\/p>\n<p style=\"font-size: var(--tve-font-size, 14px);\">\u275d<\/p>\n<p style=\"\">\u201cRespondiendo las preguntas del Avatar Profiler pude ver con claridad qu\u00e9 mensaje usar y c\u00f3mo conectar mejor con mis clientes. Es una herramienta simple pero muy poderosa.\u201d<\/p>\n<p style=\"\">Mari\u00e1n<\/p>\n<p style=\"color: rgb(255, 255, 255) !important; --tcb-applied-color: rgb(255, 255, 255) !important;\">ARQUITECTA Y ESPECIALISTA EN BRANDING<\/p>\n<p style=\"font-size: var(--tve-font-size, 14px);\">\u275d<\/p>\n<p style=\"\">\u201cEscribir historias es lo m\u00edo, pero me costaba venderlas. Esta herramienta me ayud\u00f3 a entender mejor a mi cliente ideal y c\u00f3mo atraerlo. Ahora tengo un camino m\u00e1s claro.\u201d<\/p>\n<p>Victoria<\/p>\n<p style=\"color: rgb(255, 255, 255) !important; --tcb-applied-color: rgb(255, 255, 255) !important;\">Maestra y escritora de cuentos infantiles<\/p>\n<h2 style=\"text-align: center;\"><strong>Esto es para ti si\u2026<\/strong><\/h2>\n<h5 style=\"text-align: center;\">Dise\u00f1ado para solopreneurs que juegan para ganar!<\/h5>\n<ul>\n<li style=\"font-size: var(--tve-font-size, 18px) !important;\"><span style=\"\">Has intentado <strong>construir tu negocio online<\/strong>, pero a\u00fan te falta claridad.<\/span><\/li>\n<li style=\"font-size: var(--tve-font-size, 18px) !important;\"><span style=\"\"><strong>Est\u00e1s creando contenido, <\/strong>pero no sabes bien para qui\u00e9n.<\/span><\/li>\n<li style=\"font-size: var(--tve-font-size, 18px) !important;\"><span style=\"\">Est\u00e1s vendiendo (o quieres vender) <strong>productos digitales tuyos o como afiliado.<\/strong><\/span><\/li>\n<li style=\"font-size: var(--tve-font-size, 18px) !important;\"><span style=\"\"><strong>Operas desde una mentalidad de atleta<\/strong>: eres constante, estrat\u00e9gico y disciplinado.<\/span><\/li>\n<\/ul>\n<h2 style=\"text-align: center;\"><strong>\u00bfC\u00f3mo funciona?<\/strong><\/h2>\n<h5 style=\"text-align: left;\">Solo responde unas cuantas preguntas clave y deja que el GPT haga el resto.<\/h5>\n<p \"=\"\" style=\"text-align: left;\" tve-droppable\"=\"\">Deja tu email y accede instantaneamente al Avatar Profiler.<\/p>\n<p \"=\"\" style=\"text-align: left;\" tve-droppable\"=\"\">Responde un breve set de preguntas estrat\u00e9gicas y recibe un <strong>perfil personalizado para guiar tus esfuerzos de marketing<\/strong>.\ud83d\udce9 Tambi\u00e9n recibir\u00e1s consejos exclusivos para crecer como solopreneur y atraer a tu cliente ideal &nbsp;online.<\/p>\n<h2 style=\"text-align: center;\"><strong>Bonus<\/strong><\/h2>\n<h5 style=\"text-align: left;\">\u00bfQuieres un perfil m\u00e1s detallado y preciso?<\/h5>\n<p \"=\"\" style=\"text-align: left;\" tve-droppable\"=\"\">Al completar las 10 preguntas principales, <strong>desbloquear\u00e1s 5 preguntas extras un poco m\u00e1s avanzadas por si quieres lograr a\u00fan m\u00e1s claridad.<\/strong>Te tomar\u00e1 solo un par de minutos m\u00e1s, pero te ahorrar\u00e1 mucho tiempo en el largo plazo, d\u00e1ndote un camino m\u00e1s claro para diferenciarte y conectar a un nivel m\u00e1s profundo con tus clientes ideales.<\/p>","protected":false},"excerpt":{"rendered":"<p>\ud83c\udfaf&nbsp;Descubre a tu cliente ideal en menos de 7 minutos Con una herramienta gratuita hecha con Inteligencia Artificial para ayudarte a definir y atraer a tu cliente ideal. Sin pagos. Sin trucos. M\u00e1s claridad en 7 minutos. \u00bfQu\u00e9 recibir\u00e1s? Esta no es otra&nbsp;\u201ccheat sheet\u00bb gen\u00e9rica.&nbsp; Esta herramienta fue dise\u00f1ada para solopreneurs con mentalidad de atleta [&hellip;]<\/p>\n","protected":false},"author":1,"featured_media":0,"parent":0,"menu_order":0,"comment_status":"closed","ping_status":"closed","template":"","meta":{"_monsterinsights_skip_tracking":false,"_monsterinsights_sitenote_active":false,"_monsterinsights_sitenote_note":"","_monsterinsights_sitenote_category":0,"footnotes":""},"class_list":["post-752","page","type-page","status-publish","hentry","post-wrapper","thrv_wrapper"],"_links":{"self":[{"href":"https:\/\/martinmoncayo.com\/en\/wp-json\/wp\/v2\/pages\/752","targetHints":{"allow":["GET"]}}],"collection":[{"href":"https:\/\/martinmoncayo.com\/en\/wp-json\/wp\/v2\/pages"}],"about":[{"href":"https:\/\/martinmoncayo.com\/en\/wp-json\/wp\/v2\/types\/page"}],"author":[{"embeddable":true,"href":"https:\/\/martinmoncayo.com\/en\/wp-json\/wp\/v2\/users\/1"}],"replies":[{"embeddable":true,"href":"https:\/\/martinmoncayo.com\/en\/wp-json\/wp\/v2\/comments?post=752"}],"version-history":[{"count":64,"href":"https:\/\/martinmoncayo.com\/en\/wp-json\/wp\/v2\/pages\/752\/revisions"}],"predecessor-version":[{"id":1072,"href":"https:\/\/martinmoncayo.com\/en\/wp-json\/wp\/v2\/pages\/752\/revisions\/1072"}],"wp:attachment":[{"href":"https:\/\/martinmoncayo.com\/en\/wp-json\/wp\/v2\/media?parent=752"}],"curies":[{"name":"wp","href":"https:\/\/api.w.org\/{rel}","templated":true}]}}